{"id":125,"date":"2016-11-15T08:33:16","date_gmt":"2016-11-15T07:33:16","guid":{"rendered":"http:\/\/blindrevue.sk\/?page_id=125"},"modified":"2021-02-26T15:37:26","modified_gmt":"2021-02-26T14:37:26","slug":"o-projekte","status":"publish","type":"page","link":"https:\/\/vodiacipes.sk\/efektivna-verejna-sprava\/","title":{"rendered":"O projekte"},"content":{"rendered":"<h2 class=\"page-title\">Tvorba a\u00a0optimaliz\u00e1cia lep\u0161ej verejnej politiky v\u00a0z\u00e1ujme odstra\u0148ovania bari\u00e9r spolo\u010densk\u00e9ho za\u010dlenenia zrakovo postihnut\u00fdch<\/h2>\n<p><img decoding=\"async\" loading=\"lazy\" class=\"alignnone size-full wp-image-5547\" src=\"https:\/\/bam.sk\/pravnerady\/wp-content\/uploads\/2018\/12\/projekt_0.png\" alt=\"log\u00e1 Opera\u010dn\u00e9ho programu Efekt\u00edvna verejn\u00e1 spr\u00e1va a Eur\u00f3pskeho soci\u00e1lneho fondu\" width=\"696\" height=\"114\" srcset=\"https:\/\/vodiacipes.sk\/efektivna-verejna-sprava\/wp-content\/uploads\/2018\/12\/projekt_0.png 696w, https:\/\/vodiacipes.sk\/efektivna-verejna-sprava\/wp-content\/uploads\/2018\/12\/projekt_0-300x49.png 300w\" sizes=\"(max-width: 696px) 100vw, 696px\" \/><\/p>\n<p>Tento projekt je podporen\u00fd z\u00a0Eur\u00f3pskeho soci\u00e1lneho fondu<\/p>\n<h3><strong>N\u00e1zov a\u00a0s\u00eddlo prij\u00edmate\u013ea:<\/strong><\/h3>\n<p>V\u00fdcvikov\u00e1 \u0161kola pre vodiace a asisten\u010dn\u00e9 psy, Rovniankova 16, 851 02 Bratislava<\/p>\n<h3><strong>N\u00e1zov a\u00a0s\u00eddlo partnera:<\/strong><\/h3>\n<p>Slovensk\u00e1 asoci\u00e1cia eur\u00f3pskych \u0161t\u00fadi\u00ed (ECSA Slovakia), Pra\u017esk\u00e1 3222\/11, 811 04 Bratislava<\/p>\n<h3><strong>N\u00e1zov projektu:<\/strong><\/h3>\n<p>Tvorba a\u00a0optimaliz\u00e1cia lep\u0161ej verejnej politiky v\u00a0z\u00e1ujme odstra\u0148ovania bari\u00e9r spolo\u010densk\u00e9ho za\u010dlenenia zrakovo postihnut\u00fdch<\/p>\n<h3><strong>Miesto realiz\u00e1cie projektu:<\/strong><\/h3>\n<p>Bratislavsk\u00fd kraj, Trnavsk\u00fd kraj, \u017dilinsk\u00fd kraj, Banskobystrick\u00fd kraj, Tren\u010diansky kraj, Nitriansky kraj, Ko\u0161ick\u00fd kraj, Pre\u0161ovsk\u00fd kraj<\/p>\n<h3><strong>Trvanie projektu:<\/strong><\/h3>\n<p>07\/2018 \u2013 09\/2020<\/p>\n<h3><strong>V\u00fd\u0161ka poskytnut\u00e9ho NFP:<\/strong><\/h3>\n<p>319\u00a0925,12 EUR<\/p>\n<h3><strong>Stru\u010dn\u00fd opis projektu:<\/strong><\/h3>\n<p>Hlavn\u00fdm cie\u013eom projektu je tvorba a optimaliz\u00e1cia lep\u0161ej verejnej politiky v z\u00e1ujme odstra\u0148ovania bari\u00e9r spolo\u010densk\u00e9ho za\u010dlenenia zrakovo postihnut\u00fdch. Na \u00fa\u010dely naplnenia tohto hlavn\u00e9ho cie\u013ea sa projekt s\u00fastred\u00ed na dosiahnutie uveden\u00fdch parci\u00e1lnych cie\u013eov:<\/p>\n<ol>\n<li><strong>jasne definova\u0165 po\u017eiadavky na vodiaceho psa v\u00a0oblasti zdravia, povahov\u00fdch vlastnost\u00ed,\u00a0rozsahu \u00a0jeho pracovn\u00fdch zru\u010dnost\u00ed, ktor\u00e9 s\u00fa potrebn\u00e9 na vodenie nevidiacej osoby (prihliadaj\u00fac pri tom na welfare psa) a zabezpe\u010di\u0165 ich overenie\/presk\u00fa\u0161anie nez\u00e1vislou tre\u0165ou osobou na to poverenou poskytovate\u013eom pr\u00edspevku na k\u00fapu vodiaceho psa,<\/strong><\/li>\n<li><strong>nastavi\u0165 podmienky z\u00edskania pr\u00edspevku na k\u00fapu vodiaceho psa tak, aby \u017eiadate\u013e o\u00a0pr\u00edspevok deklaroval svoju sp\u00f4sobilos\u0165 v\u00a0r\u00e1mci priestorovej orient\u00e1cie a\u00a0prvkov potrebn\u00fdch na spolupr\u00e1cu s\u00a0vodiacim psom,<\/strong><\/li>\n<li><strong>nastavi\u0165 pravidl\u00e1 v\u00a0oblasti kompenza\u010dn\u00fdch pom\u00f4cok tak, aby nevidiacemu bolo umo\u017enen\u00e9 absolvova\u0165 z\u00e1cvik pri ka\u017edom novom vodiacom psovi,<\/strong><\/li>\n<li><strong>realizova\u0165 senzibiliz\u00e1ciu verejnosti a\u00a0poskytovate\u013eov slu\u017eieb vo verejnom aj s\u00fakromnom sektore,<\/strong><\/li>\n<li><strong>po vz\u00e1jomnej komunik\u00e1cii s\u00a0prepravcami p\u00f4sobiacimi na \u00fazem\u00ed SR dosiahnu\u0165 nastavenie jasn\u00fdch pravidiel prepravy nevidiacich os\u00f4b.<\/strong><\/li>\n<\/ol>\n<p>Cie\u013e projektu bude realizovan\u00fd jednak na \u00farovni V\u00fdcvikovej \u0161koly pre vodiace a\u00a0asisten\u010dn\u00e9 psy (prij\u00edmate\u013e) v r\u00e1mci Hlavnej aktivity 1:\u00a0<strong>Optimaliz\u00e1cia procesov, skvalitnenie syst\u00e9mov a tvorba lep\u0161ej verejnej politiky v oblasti efekt\u00edvneho vyu\u017e\u00edvania\u00a0 prostriedkov na kompenz\u00e1ciu d\u00f4sledkov zrakov\u00e9ho postihnutia a integrovan\u00e9ho pr\u00edstupu zrakovo postihnut\u00fdch do verejn\u00fdch priestorov &#8211; monitoring, hodnotenie a n\u00e1vrh rie\u0161en\u00ed s d\u00f4razom na syst\u00e9mov\u00fa a informa\u010dn\u00fa realiz\u00e1ciu<\/strong>, ktor\u00e1 je zameran\u00e1 na syst\u00e9mov\u00fa a informa\u010dn\u00fa realiz\u00e1ciu procesov na dosiahnutie vyt\u00fd\u010den\u00fdch cie\u013eov a\u00a0je rozpracovan\u00e1 v\u00a0r\u00e1mci troch subaktiv\u00edt. Slovensk\u00e1 asoci\u00e1cia eur\u00f3pskych \u0161t\u00fadi\u00ed (partner projektu) bude svoje \u010dinnosti v\u00a0r\u00e1mci projektu zameran\u00e9 na pr\u00e1vnu realiz\u00e1ciu procesov na dosiahnutie vyt\u00fd\u010den\u00fdch cie\u013eov uskuto\u010d\u0148ova\u0165 v\u00a0r\u00e1mci Hlavnej aktivity 2:\u00a0<strong>Optimaliz\u00e1cia procesov, skvalitnenie syst\u00e9mov a tvorba lep\u0161ej verejnej politiky v oblasti efekt\u00edvneho vyu\u017e\u00edvania\u00a0 prostriedkov na kompenz\u00e1ciu d\u00f4sledkov zrakov\u00e9ho postihnutia a integrovan\u00e9ho pr\u00edstupu zrakovo postihnut\u00fdch do verejn\u00fdch priestorov &#8211; monitoring, hodnotenie a n\u00e1vrh rie\u0161en\u00ed s d\u00f4razom na pr\u00e1vnu realiz\u00e1ciu<\/strong>, ktor\u00e1 je rovnako rozdelen\u00e1 na tri subaktivity.<\/p>\n<p><strong>Prebiehaj\u00face aktivity:\u00a0<\/strong>Po za\u010diatku hlavn\u00fdch aktiv\u00edt projektu 07\/2018 bud\u00fa prebieha\u0165 pr\u00edpravn\u00e9 pr\u00e1ce oboch hlavn\u00fdch aktiv\u00edt projektu.<\/p>\n<p><strong>Fotogal\u00e9ria:<\/strong>\u00a0v\u00a0priebehu realiz\u00e1cie aktiv\u00edt projektu bud\u00fa priebe\u017ene zverej\u0148ovan\u00e9 sn\u00edmky z\u00a0vykonan\u00fdch aktiv\u00edt<\/p>\n<p><strong>Inform\u00e1cie o\u00a0opera\u010dnom programe Efekt\u00edvna verejn\u00e1 spr\u00e1va n\u00e1jdete na\u00a0<a href=\"http:\/\/www.opevs.eu\/\">www.opevs.eu<\/a>.<\/strong><\/p>\n","protected":false},"excerpt":{"rendered":"<p>Tvorba a\u00a0optimaliz\u00e1cia lep\u0161ej verejnej politiky v\u00a0z\u00e1ujme odstra\u0148ovania bari\u00e9r spolo\u010densk\u00e9ho za\u010dlenenia zrakovo postihnut\u00fdch Tento projekt je podporen\u00fd z\u00a0Eur\u00f3pskeho soci\u00e1lneho fondu N\u00e1zov a\u00a0s\u00eddlo prij\u00edmate\u013ea: V\u00fdcvikov\u00e1 \u0161kola pre&#8230;<\/p>\n<div class=\"more-link-wrapper\"><a class=\"more-link\" href=\"https:\/\/vodiacipes.sk\/efektivna-verejna-sprava\/\">\u010c\u00edtajte \u010falej<span class=\"screen-reader-text\">O projekte<\/span><\/a><\/div>\n","protected":false},"author":7,"featured_media":0,"parent":0,"menu_order":0,"comment_status":"closed","ping_status":"closed","template":"","meta":[],"_links":{"self":[{"href":"https:\/\/vodiacipes.sk\/efektivna-verejna-sprava\/wp-json\/wp\/v2\/pages\/125"}],"collection":[{"href":"https:\/\/vodiacipes.sk\/efektivna-verejna-sprava\/wp-json\/wp\/v2\/pages"}],"about":[{"href":"https:\/\/vodiacipes.sk\/efektivna-verejna-sprava\/wp-json\/wp\/v2\/types\/page"}],"author":[{"embeddable":true,"href":"https:\/\/vodiacipes.sk\/efektivna-verejna-sprava\/wp-json\/wp\/v2\/users\/7"}],"replies":[{"embeddable":true,"href":"https:\/\/vodiacipes.sk\/efektivna-verejna-sprava\/wp-json\/wp\/v2\/comments?post=125"}],"version-history":[{"count":84,"href":"https:\/\/vodiacipes.sk\/efektivna-verejna-sprava\/wp-json\/wp\/v2\/pages\/125\/revisions"}],"predecessor-version":[{"id":5769,"href":"https:\/\/vodiacipes.sk\/efektivna-verejna-sprava\/wp-json\/wp\/v2\/pages\/125\/revisions\/5769"}],"wp:attachment":[{"href":"https:\/\/vodiacipes.sk\/efektivna-verejna-sprava\/wp-json\/wp\/v2\/media?parent=125"}],"curies":[{"name":"wp","href":"https:\/\/api.w.org\/{rel}","templated":true}]}}