{"id":5513,"date":"2018-12-01T09:20:44","date_gmt":"2018-12-01T08:20:44","guid":{"rendered":"https:\/\/bam.sk\/pravnerady\/?page_id=5513"},"modified":"2019-01-17T06:43:49","modified_gmt":"2019-01-17T05:43:49","slug":"partneri","status":"publish","type":"page","link":"https:\/\/vodiacipes.sk\/efektivna-verejna-sprava\/partneri\/","title":{"rendered":"Partneri"},"content":{"rendered":"\n<p><strong>Slovensk\u00e1\nasoci\u00e1cia eur\u00f3pskych \u0161t\u00fadi\u00ed<\/strong> je etablovan\u00e9 ob\u010dianske zdru\u017eenie, za\u010dlenen\u00e9 do\nmedzin\u00e1rodnej organiz\u00e1cie European Community Studies Association (ECSA World) \u2013\nvi\u010f. www.ecsaworld.eu, ktor\u00e1 vznikla v roku 1987 a celosvetovo zdru\u017euje\nvyu\u010duj\u00facich a v\u00fdskumn\u00edkov z oblasti eur\u00f3pskej integr\u00e1cie prostredn\u00edctvom 60\nn\u00e1rodn\u00fdch organiz\u00e1ci\u00ed. \u00dalohou Partnera je identifikova\u0165 praktick\u00e9 probl\u00e9my pri\nkooper\u00e1cii nevidiacich s org\u00e1nmi verejnej spr\u00e1vy a subsumova\u0165 ich pod\njednotliv\u00e9 legislat\u00edvne dostupn\u00e9 rie\u0161enia. <\/p>\n\n\n\n<p>Partner&nbsp;\nm\u00e1 dlhoro\u010dn\u00fa akt\u00edvnu spolupr\u00e1cu s DG Vzdel\u00e1vanie Eur\u00f3pskej komisie, je\ns\u00fa\u010dinn\u00fd pri zabezpe\u010den\u00ed programu Jean Monnet v r\u00e1mci Erasmus+ a ka\u017edoro\u010dne v\nspolupr\u00e1ci s Eur\u00f3pskou komisiou organizuje medzin\u00e1rodn\u00fa konferenciu Jean Monnet\nConference, ktor\u00e1 reaguje na aktu\u00e1lne celosvetov\u00e9 ot\u00e1zky eur\u00f3pskej integr\u00e1cie<\/p>\n\n\n\n<p>Ciele asoci\u00e1cie s\u00fa nasledovn\u00e9: <\/p>\n\n\n\n<ul><li>vedecko-vzdel\u00e1vacia\n     \u010dinnos\u0165 v jednotliv\u00fdch oblastiach eur\u00f3pskej integr\u00e1cie, najm\u00e4 v oblasti\n     ekon\u00f3mie, pr\u00e1va, politiky, kult\u00fary a pod.;<\/li><li>integr\u00e1cia a\n     koordin\u00e1cia spolupr\u00e1ce medzi univerzitami, vedecko-v\u00fdskumn\u00fdmi in\u0161tit\u00faciami\n     (pracoviska) a jednotlivcami rozv\u00edjaj\u00facimi \u0161t\u00fadium Eur\u00f3pskych\n     spolo\u010denstiev v Slovenskej republike;<\/li><li>rozvoj a\n     koordin\u00e1cia spolupr\u00e1ce s univerzitami, vedecko-v\u00fdskumn\u00fdmi in\u0161tit\u00faciami,\n     vedcami zaoberaj\u00facimi sa eur\u00f3pskou integr\u00e1ciou v zahrani\u010d\u00ed, ako aj s in\u0161tit\u00faciami\n     E\u00da;<\/li><li>podpora rozvoja\n     ekonomick\u00fdch, politick\u00fdch, pr\u00e1vnych predpokladov vstupu Slovenskej\n     republiky do Eur\u00f3pskej \u00fanie prostredn\u00edctvom rozvoja interdisciplin\u00e1rneho\n     v\u00fdskumu v t\u00fdchto oblastiach; populariz\u00e1cia poznatkov o E\u00da a globaliz\u00e1cii.<\/li><\/ul>\n\n\n\n<p><strong>Medzin\u00e1rodn\u00ed\nodborn\u00edci, participuj\u00faci na projekte:&nbsp;&nbsp; <\/strong><\/p>\n\n\n\n<p><strong>Ing.\nJasenovcov\u00e1 Hana<\/strong>\n\u2013 \u010cesk\u00e1 republika<\/p>\n\n\n\n<p>Ing. Jasenovcov\u00e1 je dlhoro\u010dn\u00fd odborn\u00edk na\nv\u00fdcvik vodiacich psov. P\u00f4sobila ako riadite\u013eka Strediska v\u00fdcviku vodiacich psov\npre nevidiacich SONS \u010cR, v&nbsp;s\u00fa\u010dasnosti je ved\u00faca v\u00fdcviku vodiacich psov\nv&nbsp;nada\u010dnom fonde Mathilda, \u010cR. Ing Hana Jasenovcov\u00e1 je s\u00fadny znalec\nz&nbsp;odboru v\u00fdcviku psov pre osoby so zdravotn\u00fdm postihnut\u00edm.<\/p>\n\n\n\n<p><strong>Ing.\nIvana Merryman Boncori, Phd.<\/strong> \u2013 D\u00e1nsko<\/p>\n\n\n\n<p>Ing. Ivana Merryman Boncori je in\u0161truktorkou\nmobility s&nbsp;vodiacim psom a&nbsp;in\u0161truktorkou pre v\u00fdchovu vodiacich psov\nod roku 2002. P\u00f4sob\u00ed ako dobrovo\u013en\u00e1 konzultantka v&nbsp;European Guide Dog\nFederation a&nbsp;je \u010dlenka Development Committee Medzin\u00e1rodnej feder\u00e1cie\nv\u00fdcvikov\u00fdch \u0161k\u00f4l pre vodiace psy \u2013 International Guide Dog Federation.<\/p>\n\n\n\n<p><strong>Dipl.\nIng. Gloria Petrovics <\/strong>\u2013 Rak\u00fasko<\/p>\n\n\n\n<p>Ing. Gloria Petrovics je dobrovo\u013enou spolupracovn\u00ed\u010dkou&nbsp; Asoci\u00e1ce&nbsp; pre\nnevidiacich a&nbsp;zrakovo postihnut\u00fdch Rak\u00faska ( Osterreichischer Blinden und\nSehbehindertenverband od roku 1979. Ako konzultantka sa spolupodielala na vypracovan\u00ed v\u00fdcvikov\u00e9ho a sk\u00fa\u0161obn\u00e9ho\nporiadku vodiacich psov pre zrakovo postihnut\u00fdch, pr\u00edprava\na&nbsp;pripomienkovanie&nbsp; z\u00e1konov\nt\u00fdkaj\u00facich sa vodiacich a&nbsp;asisten\u010dn\u00fdch psov<\/p>\n\n\n\n<p>Pravidelne\npublikuje&nbsp; \u010dl\u00e1nky do \u0161pecializovan\u00fdch i\npopul\u00e1rnych nov\u00edn a \u010dasopisov. Ing Petrovics je \u010dlenkou komisie na\npresk\u00fa\u0161avanie vodiacich psov.<\/p>\n\n\n\n<p><strong>Richter Katharina \u2013 <\/strong>Nemecko<\/p>\n\n\n\n<p>Katharina Richter je tr\u00e9nerka&nbsp;\nvodiacich psov, a in\u0161truktorka mobility s&nbsp;vodiacimi psami od roku\n1992. V&nbsp;roku 2003 zalo\u017eila Blindenf\u00fchrhundeschule Katharina Richter, ktor\u00fa vedie&nbsp; po odbornej\na&nbsp;administrat\u00edvnej str\u00e1nke. Spolupracuje&nbsp;\nna norm\u00e1ch upravuj\u00facich \u0161tandardy vodiacich psov a&nbsp;ich cvi\u010dite\u013eov\nv&nbsp;Nemecku.<\/p>\n\n\n\n<p><strong>Dr.\nGraeme White \u2013 <\/strong>Austr\u00e1lia\n\nDr. Graeme White je riadite\u013eom&nbsp;\norganiz\u00e1cie GUIDE DOGS NSW\/ACT v&nbsp;Austr\u00e1lii. Je akt\u00edvnym \u010dlenom\na&nbsp;funkcion\u00e1rom &nbsp;International Guide Dog Federation a&nbsp;Australian\nBlindness Forum.\n\n\n\n<\/p>\n","protected":false},"excerpt":{"rendered":"<p>Slovensk\u00e1 asoci\u00e1cia eur\u00f3pskych \u0161t\u00fadi\u00ed je etablovan\u00e9 ob\u010dianske zdru\u017eenie, za\u010dlenen\u00e9 do medzin\u00e1rodnej organiz\u00e1cie European Community Studies Association (ECSA World) \u2013 vi\u010f. www.ecsaworld.eu, ktor\u00e1 vznikla v roku&#8230;<\/p>\n<div class=\"more-link-wrapper\"><a class=\"more-link\" href=\"https:\/\/vodiacipes.sk\/efektivna-verejna-sprava\/partneri\/\">\u010c\u00edtajte \u010falej<span class=\"screen-reader-text\">Partneri<\/span><\/a><\/div>\n","protected":false},"author":7,"featured_media":0,"parent":0,"menu_order":0,"comment_status":"closed","ping_status":"closed","template":"","meta":[],"_links":{"self":[{"href":"https:\/\/vodiacipes.sk\/efektivna-verejna-sprava\/wp-json\/wp\/v2\/pages\/5513"}],"collection":[{"href":"https:\/\/vodiacipes.sk\/efektivna-verejna-sprava\/wp-json\/wp\/v2\/pages"}],"about":[{"href":"https:\/\/vodiacipes.sk\/efektivna-verejna-sprava\/wp-json\/wp\/v2\/types\/page"}],"author":[{"embeddable":true,"href":"https:\/\/vodiacipes.sk\/efektivna-verejna-sprava\/wp-json\/wp\/v2\/users\/7"}],"replies":[{"embeddable":true,"href":"https:\/\/vodiacipes.sk\/efektivna-verejna-sprava\/wp-json\/wp\/v2\/comments?post=5513"}],"version-history":[{"count":3,"href":"https:\/\/vodiacipes.sk\/efektivna-verejna-sprava\/wp-json\/wp\/v2\/pages\/5513\/revisions"}],"predecessor-version":[{"id":5564,"href":"https:\/\/vodiacipes.sk\/efektivna-verejna-sprava\/wp-json\/wp\/v2\/pages\/5513\/revisions\/5564"}],"wp:attachment":[{"href":"https:\/\/vodiacipes.sk\/efektivna-verejna-sprava\/wp-json\/wp\/v2\/media?parent=5513"}],"curies":[{"name":"wp","href":"https:\/\/api.w.org\/{rel}","templated":true}]}}