{"id":5685,"date":"2021-02-17T19:32:26","date_gmt":"2021-02-17T18:32:26","guid":{"rendered":"https:\/\/vodiacipes.sk\/pravnerady\/?page_id=5685"},"modified":"2022-04-07T14:48:36","modified_gmt":"2022-04-07T12:48:36","slug":"koncepcne-analyticke-a-metodicke-materialy","status":"publish","type":"page","link":"https:\/\/vodiacipes.sk\/efektivna-verejna-sprava\/koncepcne-analyticke-a-metodicke-materialy\/","title":{"rendered":"Koncep\u010dn\u00e9, analytick\u00e9 a\u00a0metodick\u00e9 materi\u00e1ly"},"content":{"rendered":"\n<div class=\"wp-block-file\"><a id=\"wp-block-file--media-eb63d27f-336c-42f8-94d6-19a0eb11c013\" href=\"https:\/\/vodiacipes.sk\/efektivna-verejna-sprava\/wp-content\/uploads\/2021\/02\/PO178_metodika_doprava.pdf\">METODICK\u00dd MATERI\u00c1L PRE DOPRAVCOV<br>ZAMERAN\u00dd NA PREPRAVU OS\u00d4B SO<br>ZRAKOV\u00ddM POSTIHNUT\u00cdM<\/a><a href=\"https:\/\/vodiacipes.sk\/efektivna-verejna-sprava\/wp-content\/uploads\/2021\/02\/PO178_metodika_doprava.pdf\" class=\"wp-block-file__button\" download aria-describedby=\"wp-block-file--media-eb63d27f-336c-42f8-94d6-19a0eb11c013\">Stiahnu\u0165<\/a><\/div>\n\n\n\n<div class=\"wp-block-file\"><a id=\"wp-block-file--media-6e239771-5ec2-4aa3-8a9d-f9d8435d43ad\" href=\"https:\/\/vodiacipes.sk\/efektivna-verejna-sprava\/wp-content\/uploads\/2021\/02\/PO178_Koncepcia_PR.pdf\">KONCEPCIA PR PREZENT\u00c1CIE<br>PROBLEMATIKY<br>ODSTRA\u0147OVANIA BARI\u00c9R SPOLO\u010cENSK\u00c9HO<br>ZA\u010cLENENIA ZRAKOVO POSTIHNUT\u00ddCH PRE<br>\u0160IROK\u00da VEREJNOS\u0164<\/a><a href=\"https:\/\/vodiacipes.sk\/efektivna-verejna-sprava\/wp-content\/uploads\/2021\/02\/PO178_Koncepcia_PR.pdf\" class=\"wp-block-file__button\" download aria-describedby=\"wp-block-file--media-6e239771-5ec2-4aa3-8a9d-f9d8435d43ad\">Stiahnu\u0165<\/a><\/div>\n\n\n\n<div class=\"wp-block-file\"><a id=\"wp-block-file--media-cedad599-1a5d-4aac-afe1-f10f92acaec3\" href=\"https:\/\/vodiacipes.sk\/efektivna-verejna-sprava\/wp-content\/uploads\/2021\/05\/PO178_analyza_akceptacia_s_VP.pdf\">ANAL\u00ddZA VN\u00cdMANIA A AKCEPTOVANIA NEVIDIACICH S VODIACIM PSOM V SPOLO\u010cNOSTI<br>NA VEREJNE PR\u00cdSTUPN\u00ddCH MIESTACH A VO VEREJNE PR\u00cdSTUPN\u00ddCH PRIESTOROCH<\/a><a href=\"https:\/\/vodiacipes.sk\/efektivna-verejna-sprava\/wp-content\/uploads\/2021\/05\/PO178_analyza_akceptacia_s_VP.pdf\" class=\"wp-block-file__button\" download aria-describedby=\"wp-block-file--media-cedad599-1a5d-4aac-afe1-f10f92acaec3\">Stiahnu\u0165<\/a><\/div>\n\n\n\n<div class=\"wp-block-file\"><a id=\"wp-block-file--media-4266a3fe-f3ba-410c-b684-86781b7a5c07\" href=\"https:\/\/vodiacipes.sk\/efektivna-verejna-sprava\/wp-content\/uploads\/2022\/04\/PO178_KM_spoloc_a_pravne_postavenie_VP-1.pdf\">Z\u00c1KLADN\u00dd KONCEP\u010cN\u00dd MATERI\u00c1L K SPOLO\u010cENSK\u00c9MU A PR\u00c1VNEMU POSTAVENIU VODIACEHO PSA\u00a0<\/a><a href=\"https:\/\/vodiacipes.sk\/efektivna-verejna-sprava\/wp-content\/uploads\/2022\/04\/PO178_KM_spoloc_a_pravne_postavenie_VP-1.pdf\" class=\"wp-block-file__button\" download aria-describedby=\"wp-block-file--media-4266a3fe-f3ba-410c-b684-86781b7a5c07\">Stiahnu\u0165<\/a><\/div>\n\n\n\n<div class=\"wp-block-file\"><a id=\"wp-block-file--media-4735d22c-5b76-4854-91a4-bd9452e1c578\" href=\"https:\/\/vodiacipes.sk\/efektivna-verejna-sprava\/wp-content\/uploads\/2022\/04\/P0178_koncepcia_vycviku.pdf\">JEDNOTN\u00c1 KONCEPCIA V OBLASTI V\u00ddCVIKU VODIACICH PSOV, OS\u00d4B SP\u00d4SOBIL\u00ddCH NA V\u00ddCVIK VODIACICH PSOV POD\u013dA OSOBITN\u00c9HO PREDPISU A SP\u00d4SOBU PREVERENIA KVALITY VODIACICH PSOV<\/a><a href=\"https:\/\/vodiacipes.sk\/efektivna-verejna-sprava\/wp-content\/uploads\/2022\/04\/P0178_koncepcia_vycviku.pdf\" class=\"wp-block-file__button\" download aria-describedby=\"wp-block-file--media-4735d22c-5b76-4854-91a4-bd9452e1c578\">Stiahnu\u0165<\/a><\/div>\n\n\n","protected":false},"excerpt":{"rendered":"","protected":false},"author":8,"featured_media":0,"parent":0,"menu_order":0,"comment_status":"closed","ping_status":"closed","template":"","meta":[],"_links":{"self":[{"href":"https:\/\/vodiacipes.sk\/efektivna-verejna-sprava\/wp-json\/wp\/v2\/pages\/5685"}],"collection":[{"href":"https:\/\/vodiacipes.sk\/efektivna-verejna-sprava\/wp-json\/wp\/v2\/pages"}],"about":[{"href":"https:\/\/vodiacipes.sk\/efektivna-verejna-sprava\/wp-json\/wp\/v2\/types\/page"}],"author":[{"embeddable":true,"href":"https:\/\/vodiacipes.sk\/efektivna-verejna-sprava\/wp-json\/wp\/v2\/users\/8"}],"replies":[{"embeddable":true,"href":"https:\/\/vodiacipes.sk\/efektivna-verejna-sprava\/wp-json\/wp\/v2\/comments?post=5685"}],"version-history":[{"count":5,"href":"https:\/\/vodiacipes.sk\/efektivna-verejna-sprava\/wp-json\/wp\/v2\/pages\/5685\/revisions"}],"predecessor-version":[{"id":5813,"href":"https:\/\/vodiacipes.sk\/efektivna-verejna-sprava\/wp-json\/wp\/v2\/pages\/5685\/revisions\/5813"}],"wp:attachment":[{"href":"https:\/\/vodiacipes.sk\/efektivna-verejna-sprava\/wp-json\/wp\/v2\/media?parent=5685"}],"curies":[{"name":"wp","href":"https:\/\/api.w.org\/{rel}","templated":true}]}}