{"id":5687,"date":"2021-02-17T19:33:42","date_gmt":"2021-02-17T18:33:42","guid":{"rendered":"https:\/\/vodiacipes.sk\/pravnerady\/?page_id=5687"},"modified":"2021-05-04T18:58:02","modified_gmt":"2021-05-04T16:58:02","slug":"navrhnute-opatrenia-zamerane-na-zefektivnenie-vs","status":"publish","type":"page","link":"https:\/\/vodiacipes.sk\/efektivna-verejna-sprava\/navrhnute-opatrenia-zamerane-na-zefektivnenie-vs\/","title":{"rendered":"Navrhnut\u00e9 opatrenia zameran\u00e9 na zefekt\u00edvnenie VS"},"content":{"rendered":"\n<div class=\"wp-block-file\"><a href=\"https:\/\/vodiacipes.sk\/efektivna-verejna-sprava\/wp-content\/uploads\/2021\/02\/PO889_navrh_riesenia_statne_institucie.pdf\">N\u00c1VRH OPATREN\u00cd ZAMERAN\u00ddCH NA<br>RIE\u0160ENIE PR\u00cdSTUPOV\u00ddCH PR\u00c1V OS\u00d4B SO<br>ZRAKOV\u00ddM POSTIHNUT\u00cdM S VODIACIM<br>PSOM DO \u0160T\u00c1TNYCH IN\u0160TIT\u00daCI\u00cd<\/a><a href=\"https:\/\/vodiacipes.sk\/efektivna-verejna-sprava\/wp-content\/uploads\/2021\/02\/PO889_navrh_riesenia_statne_institucie.pdf\" class=\"wp-block-file__button\" download>Stiahnu\u0165<\/a><\/div>\n\n\n\n<div class=\"wp-block-file\"><a href=\"https:\/\/vodiacipes.sk\/efektivna-verejna-sprava\/wp-content\/uploads\/2021\/02\/PO889_navrh_riesenia_doprava.pdf\">N\u00c1VRH OPATREN\u00cd ZAMERAN\u00ddCH NA RIE\u0160ENIE<br>NEDOSTATKOV PRI DOPRAVE OS\u00d4B SO<br>ZRAKOV\u00ddM POSTIHNUT\u00cdM V SPRIEVODE<br>VODIACEHO PSA VO VEREJNEJ DOPRAVE<\/a><a href=\"https:\/\/vodiacipes.sk\/efektivna-verejna-sprava\/wp-content\/uploads\/2021\/02\/PO889_navrh_riesenia_doprava.pdf\" class=\"wp-block-file__button\" download>Stiahnu\u0165<\/a><\/div>\n\n\n\n<div class=\"wp-block-file\"><a href=\"https:\/\/vodiacipes.sk\/efektivna-verejna-sprava\/wp-content\/uploads\/2021\/02\/PO889_navrh_riesenia_zdravotnictvo.pdf\">N\u00c1VRH OPATREN\u00cd ZAMERAN\u00ddCH NA RIE\u0160ENIE<br>PR\u00cdSTUPOV\u00ddCH PR\u00c1V OS\u00d4B SO ZRAKOV\u00ddM<br>POSTIHNUT\u00cdM S VODIACIM PSOM DO<br>ZDRAVOTN\u00cdCKYCH ZARIADEN\u00cd<\/a><a href=\"https:\/\/vodiacipes.sk\/efektivna-verejna-sprava\/wp-content\/uploads\/2021\/02\/PO889_navrh_riesenia_zdravotnictvo.pdf\" class=\"wp-block-file__button\" download>Stiahnu\u0165<\/a><\/div>\n\n\n\n<div class=\"wp-block-file\"><a href=\"https:\/\/vodiacipes.sk\/efektivna-verejna-sprava\/wp-content\/uploads\/2021\/05\/PO889_navrh_rieseni_kultura_cirkev.pdf\">N\u00c1VRH OPATREN\u00cd ZAMERAN\u00ddCH NA REALIZ\u00c1CIU PR\u00cdSTUPOV\u00ddCH PR\u00c1V OS\u00d4B SO ZRAKOV\u00ddM POSTIHNUT\u00cdM S VODIACIM PSOM DO KULT\u00daRNYCH ZARIADEN\u00cd A DO CIRKEVN\u00ddCH ST\u00c1NKOV<\/a><a href=\"https:\/\/vodiacipes.sk\/efektivna-verejna-sprava\/wp-content\/uploads\/2021\/05\/PO889_navrh_rieseni_kultura_cirkev.pdf\" class=\"wp-block-file__button\" download>Stiahnu\u0165<\/a><\/div>\n\n\n\n<div class=\"wp-block-file\"><a href=\"https:\/\/vodiacipes.sk\/efektivna-verejna-sprava\/wp-content\/uploads\/2021\/05\/PO889_navrh_riesenia_vzdelavanie.pdf\">N\u00c1VRH OPATREN\u00cd ZAMERAN\u00ddCH NA RIE\u0160ENIE PR\u00cdSTUPOV\u00ddCH PR\u00c1V OS\u00d4B SO ZRAKOV\u00ddM POSTIHNUT\u00cdM S VODIACIM PSOM DO VZDEL\u00c1VAC\u00cdCH IN\u0160TIT\u00daCI\u00cd<\/a><a href=\"https:\/\/vodiacipes.sk\/efektivna-verejna-sprava\/wp-content\/uploads\/2021\/05\/PO889_navrh_riesenia_vzdelavanie.pdf\" class=\"wp-block-file__button\" download>Stiahnu\u0165<\/a><\/div>\n\n\n\n<div class=\"wp-block-file\"><a href=\"https:\/\/vodiacipes.sk\/efektivna-verejna-sprava\/wp-content\/uploads\/2021\/05\/PO889_Navrh_skvalitnenie_procesov.pdf\">N\u00c1VRH OPATREN\u00cd ZAMERAN\u00ddCH NA SKVALITNENIE PROCESU SCHVA\u013dOVANIA PR\u00cdSPEVKOV NA KOMPENZA\u010cN\u00da POM\u00d4CKU &#8211; PSA SO \u0160PECI\u00c1LNYM V\u00ddCVIKOM<\/a><a href=\"https:\/\/vodiacipes.sk\/efektivna-verejna-sprava\/wp-content\/uploads\/2021\/05\/PO889_Navrh_skvalitnenie_procesov.pdf\" class=\"wp-block-file__button\" download>Stiahnu\u0165<\/a><\/div>\n\n\n\n<div class=\"wp-block-file\"><a href=\"https:\/\/vodiacipes.sk\/efektivna-verejna-sprava\/wp-content\/uploads\/2021\/05\/PO889_navrh_vznik_komisie.pdf\">N\u00c1VRH NA VZNIK SAMOSTATNEJ KOMISIE NA PRESK\u00da\u0160ANIE VODIACICH PSOV<\/a><a href=\"https:\/\/vodiacipes.sk\/efektivna-verejna-sprava\/wp-content\/uploads\/2021\/05\/PO889_navrh_vznik_komisie.pdf\" class=\"wp-block-file__button\" download>Stiahnu\u0165<\/a><\/div>\n","protected":false},"excerpt":{"rendered":"","protected":false},"author":8,"featured_media":0,"parent":0,"menu_order":0,"comment_status":"closed","ping_status":"closed","template":"","meta":[],"_links":{"self":[{"href":"https:\/\/vodiacipes.sk\/efektivna-verejna-sprava\/wp-json\/wp\/v2\/pages\/5687"}],"collection":[{"href":"https:\/\/vodiacipes.sk\/efektivna-verejna-sprava\/wp-json\/wp\/v2\/pages"}],"about":[{"href":"https:\/\/vodiacipes.sk\/efektivna-verejna-sprava\/wp-json\/wp\/v2\/types\/page"}],"author":[{"embeddable":true,"href":"https:\/\/vodiacipes.sk\/efektivna-verejna-sprava\/wp-json\/wp\/v2\/users\/8"}],"replies":[{"embeddable":true,"href":"https:\/\/vodiacipes.sk\/efektivna-verejna-sprava\/wp-json\/wp\/v2\/comments?post=5687"}],"version-history":[{"count":4,"href":"https:\/\/vodiacipes.sk\/efektivna-verejna-sprava\/wp-json\/wp\/v2\/pages\/5687\/revisions"}],"predecessor-version":[{"id":5795,"href":"https:\/\/vodiacipes.sk\/efektivna-verejna-sprava\/wp-json\/wp\/v2\/pages\/5687\/revisions\/5795"}],"wp:attachment":[{"href":"https:\/\/vodiacipes.sk\/efektivna-verejna-sprava\/wp-json\/wp\/v2\/media?parent=5687"}],"curies":[{"name":"wp","href":"https:\/\/api.w.org\/{rel}","templated":true}]}}