{"id":5689,"date":"2021-02-17T19:34:12","date_gmt":"2021-02-17T18:34:12","guid":{"rendered":"https:\/\/vodiacipes.sk\/pravnerady\/?page_id=5689"},"modified":"2021-04-19T12:56:02","modified_gmt":"2021-04-19T10:56:02","slug":"novovzniknute-platformy-zamerane-na-zvysovanie-kvality-verejnych-politik","status":"publish","type":"page","link":"https:\/\/vodiacipes.sk\/efektivna-verejna-sprava\/novovzniknute-platformy-zamerane-na-zvysovanie-kvality-verejnych-politik\/","title":{"rendered":"Novovzniknut\u00e9 platformy zameran\u00e9 na zvy\u0161ovanie kvality verejn\u00fdch polit\u00edk"},"content":{"rendered":"\n\n\n<div class=\"wp-block-file\"><a href=\"https:\/\/vodiacipes.sk\/efektivna-verejna-sprava\/wp-content\/uploads\/2021\/02\/01_memorandum_unia_nevidiacich.pdf\">Memorandum \u00dania nevidiacich a slabozrak\u00fdch<\/a><a href=\"https:\/\/vodiacipes.sk\/efektivna-verejna-sprava\/wp-content\/uploads\/2021\/02\/01_memorandum_unia_nevidiacich.pdf\" class=\"wp-block-file__button\" download>Stiahnu\u0165<\/a><\/div>\n\n\n\n<div class=\"wp-block-file\"><a href=\"https:\/\/vodiacipes.sk\/efektivna-verejna-sprava\/wp-content\/uploads\/2021\/02\/02_memorandum_slovensky_zvaz_telesne_postihnutych.pdf\">Memorandum Slovensk\u00fd zv\u00e4z telesne postihnut\u00fdch<\/a><a href=\"https:\/\/vodiacipes.sk\/efektivna-verejna-sprava\/wp-content\/uploads\/2021\/02\/02_memorandum_slovensky_zvaz_telesne_postihnutych.pdf\" class=\"wp-block-file__button\" download>Stiahnu\u0165<\/a><\/div>\n\n\n\n<div class=\"wp-block-file\"><a href=\"https:\/\/vodiacipes.sk\/efektivna-verejna-sprava\/wp-content\/uploads\/2021\/02\/03_Danmark_Memorandum.pdf\">Danmark Memorandum<\/a><a href=\"https:\/\/vodiacipes.sk\/efektivna-verejna-sprava\/wp-content\/uploads\/2021\/02\/03_Danmark_Memorandum.pdf\" class=\"wp-block-file__button\" download>Stiahnu\u0165<\/a><\/div>\n\n\n\n<div class=\"wp-block-file\"><a href=\"https:\/\/vodiacipes.sk\/efektivna-verejna-sprava\/wp-content\/uploads\/2021\/02\/04_Hungary_Memorandum_Barathegyi.pdf\">Hungary Memorandum<\/a><a href=\"https:\/\/vodiacipes.sk\/efektivna-verejna-sprava\/wp-content\/uploads\/2021\/02\/04_Hungary_Memorandum_Barathegyi.pdf\" class=\"wp-block-file__button\" download>Stiahnu\u0165<\/a><\/div>\n\n\n\n<div class=\"wp-block-file\"><a href=\"https:\/\/vodiacipes.sk\/efektivna-verejna-sprava\/wp-content\/uploads\/2021\/02\/05_Finland_Memorandum.pdf\">Finland Memorandum<\/a><a href=\"https:\/\/vodiacipes.sk\/efektivna-verejna-sprava\/wp-content\/uploads\/2021\/02\/05_Finland_Memorandum.pdf\" class=\"wp-block-file__button\" download>Stiahnu\u0165<\/a><\/div>\n\n\n\n<div class=\"wp-block-file\"><a href=\"https:\/\/vodiacipes.sk\/efektivna-verejna-sprava\/wp-content\/uploads\/2021\/02\/06_Polsko_Memorandum.pdf\">Poland Memorandum<\/a><a href=\"https:\/\/vodiacipes.sk\/efektivna-verejna-sprava\/wp-content\/uploads\/2021\/02\/06_Polsko_Memorandum.pdf\" class=\"wp-block-file__button\" download>Stiahnu\u0165<\/a><\/div>\n\n\n\n<div class=\"wp-block-file\"><a href=\"https:\/\/vodiacipes.sk\/efektivna-verejna-sprava\/wp-content\/uploads\/2021\/02\/07_Bulgaria_Memorandum.pdf\">Bulgaria Memorandum<\/a><a href=\"https:\/\/vodiacipes.sk\/efektivna-verejna-sprava\/wp-content\/uploads\/2021\/02\/07_Bulgaria_Memorandum.pdf\" class=\"wp-block-file__button\" download>Stiahnu\u0165<\/a><\/div>\n\n\n\n<div class=\"wp-block-file\"><a href=\"https:\/\/vodiacipes.sk\/efektivna-verejna-sprava\/wp-content\/uploads\/2021\/02\/08_Hongkong_Memorandum.pdf\">Hongkong Memorandum<\/a><a href=\"https:\/\/vodiacipes.sk\/efektivna-verejna-sprava\/wp-content\/uploads\/2021\/02\/08_Hongkong_Memorandum.pdf\" class=\"wp-block-file__button\" download>Stiahnu\u0165<\/a><\/div>\n\n\n\n<div class=\"wp-block-file\"><a href=\"https:\/\/vodiacipes.sk\/efektivna-verejna-sprava\/wp-content\/uploads\/2021\/02\/09_Canada_Memorandum.pdf\">Canada Memorandum<\/a><a href=\"https:\/\/vodiacipes.sk\/efektivna-verejna-sprava\/wp-content\/uploads\/2021\/02\/09_Canada_Memorandum.pdf\" class=\"wp-block-file__button\" download>Stiahnu\u0165<\/a><\/div>\n\n\n\n<div class=\"wp-block-file\"><a href=\"https:\/\/vodiacipes.sk\/efektivna-verejna-sprava\/wp-content\/uploads\/2021\/02\/10_Brazil_Memorandum_GDS_Helen_Keller.pdf\">Brazil Memorandum<\/a><a href=\"https:\/\/vodiacipes.sk\/efektivna-verejna-sprava\/wp-content\/uploads\/2021\/02\/10_Brazil_Memorandum_GDS_Helen_Keller.pdf\" class=\"wp-block-file__button\" download>Stiahnu\u0165<\/a><\/div>\n\n\n\n<div class=\"wp-block-file\"><a href=\"https:\/\/vodiacipes.sk\/efektivna-verejna-sprava\/wp-content\/uploads\/2021\/02\/11_Malta_Memorandum.pdf\">Malta Memorandum<\/a><a href=\"https:\/\/vodiacipes.sk\/efektivna-verejna-sprava\/wp-content\/uploads\/2021\/02\/11_Malta_Memorandum.pdf\" class=\"wp-block-file__button\" download>Stiahnu\u0165<\/a><\/div>\n\n\n\n<div class=\"wp-block-file\"><a href=\"https:\/\/vodiacipes.sk\/efektivna-verejna-sprava\/wp-content\/uploads\/2021\/02\/12_memorandum_slovenskae_hemofilicke_zdruzenie.pdf\">Memorandum Slovensk\u00e9 hemofilick\u00e9 zdru\u017eenie<\/a><a href=\"https:\/\/vodiacipes.sk\/efektivna-verejna-sprava\/wp-content\/uploads\/2021\/02\/12_memorandum_slovenskae_hemofilicke_zdruzenie.pdf\" class=\"wp-block-file__button\" download>Stiahnu\u0165<\/a><\/div>\n\n\n\n<div class=\"wp-block-file\"><a href=\"https:\/\/vodiacipes.sk\/efektivna-verejna-sprava\/wp-content\/uploads\/2021\/02\/13_memorandum_narodna_rada_obcanov_so_zdravotnym_postihnutim.pdf\">Memorandum N\u00e1rodn\u00e1 rada ob\u010danov so zdravotn\u00fdm postihnut\u00edm<\/a><a href=\"https:\/\/vodiacipes.sk\/efektivna-verejna-sprava\/wp-content\/uploads\/2021\/02\/13_memorandum_narodna_rada_obcanov_so_zdravotnym_postihnutim.pdf\" class=\"wp-block-file__button\" download>Stiahnu\u0165<\/a><\/div>\n\n\n\n<div class=\"wp-block-file\"><a href=\"https:\/\/vodiacipes.sk\/efektivna-verejna-sprava\/wp-content\/uploads\/2021\/02\/14_memorandum_nadacni_fond_mathilda.pdf\">Memorandum Nada\u010dn\u00fd fond Mathilda<\/a><a href=\"https:\/\/vodiacipes.sk\/efektivna-verejna-sprava\/wp-content\/uploads\/2021\/02\/14_memorandum_nadacni_fond_mathilda.pdf\" class=\"wp-block-file__button\" download>Stiahnu\u0165<\/a><\/div>\n\n\n\n<div class=\"wp-block-file\"><a href=\"https:\/\/vodiacipes.sk\/efektivna-verejna-sprava\/wp-content\/uploads\/2021\/02\/15_Memorandum_Seitle.pdf\">Memorandum Seitle<\/a><a href=\"https:\/\/vodiacipes.sk\/efektivna-verejna-sprava\/wp-content\/uploads\/2021\/02\/15_Memorandum_Seitle.pdf\" class=\"wp-block-file__button\" download>Stiahnu\u0165<\/a><\/div>\n\n\n\n<div class=\"wp-block-file\"><a href=\"https:\/\/vodiacipes.sk\/efektivna-verejna-sprava\/wp-content\/uploads\/2021\/02\/16_Memorandum_Richter.pdf\">Memorandum Richter<\/a><a href=\"https:\/\/vodiacipes.sk\/efektivna-verejna-sprava\/wp-content\/uploads\/2021\/02\/16_Memorandum_Richter.pdf\" class=\"wp-block-file__button\" download>Stiahnu\u0165<\/a><\/div>\n\n\n\n<div class=\"wp-block-file\"><a href=\"https:\/\/vodiacipes.sk\/efektivna-verejna-sprava\/wp-content\/uploads\/2021\/02\/17_Memorandum_Pes_cloveku.pdf\">Memorandum Pes \u010dloveku<\/a><a href=\"https:\/\/vodiacipes.sk\/efektivna-verejna-sprava\/wp-content\/uploads\/2021\/02\/17_Memorandum_Pes_cloveku.pdf\" class=\"wp-block-file__button\" download>Stiahnu\u0165<\/a><\/div>\n\n\n\n<div class=\"wp-block-file\"><a href=\"https:\/\/vodiacipes.sk\/efektivna-verejna-sprava\/wp-content\/uploads\/2021\/02\/18_Memorandum_Aspen.pdf\">Memorandum Aspen<\/a><a href=\"https:\/\/vodiacipes.sk\/efektivna-verejna-sprava\/wp-content\/uploads\/2021\/02\/18_Memorandum_Aspen.pdf\" class=\"wp-block-file__button\" download>Stiahnu\u0165<\/a><\/div>\n","protected":false},"excerpt":{"rendered":"","protected":false},"author":8,"featured_media":0,"parent":0,"menu_order":0,"comment_status":"closed","ping_status":"closed","template":"","meta":[],"_links":{"self":[{"href":"https:\/\/vodiacipes.sk\/efektivna-verejna-sprava\/wp-json\/wp\/v2\/pages\/5689"}],"collection":[{"href":"https:\/\/vodiacipes.sk\/efektivna-verejna-sprava\/wp-json\/wp\/v2\/pages"}],"about":[{"href":"https:\/\/vodiacipes.sk\/efektivna-verejna-sprava\/wp-json\/wp\/v2\/types\/page"}],"author":[{"embeddable":true,"href":"https:\/\/vodiacipes.sk\/efektivna-verejna-sprava\/wp-json\/wp\/v2\/users\/8"}],"replies":[{"embeddable":true,"href":"https:\/\/vodiacipes.sk\/efektivna-verejna-sprava\/wp-json\/wp\/v2\/comments?post=5689"}],"version-history":[{"count":4,"href":"https:\/\/vodiacipes.sk\/efektivna-verejna-sprava\/wp-json\/wp\/v2\/pages\/5689\/revisions"}],"predecessor-version":[{"id":5780,"href":"https:\/\/vodiacipes.sk\/efektivna-verejna-sprava\/wp-json\/wp\/v2\/pages\/5689\/revisions\/5780"}],"wp:attachment":[{"href":"https:\/\/vodiacipes.sk\/efektivna-verejna-sprava\/wp-json\/wp\/v2\/media?parent=5689"}],"curies":[{"name":"wp","href":"https:\/\/api.w.org\/{rel}","templated":true}]}}