{"id":5691,"date":"2021-02-17T19:34:35","date_gmt":"2021-02-17T18:34:35","guid":{"rendered":"https:\/\/vodiacipes.sk\/pravnerady\/?page_id=5691"},"modified":"2022-04-07T15:02:17","modified_gmt":"2022-04-07T13:02:17","slug":"vytvorenie-multisektorovych-partnerstiev","status":"publish","type":"page","link":"https:\/\/vodiacipes.sk\/efektivna-verejna-sprava\/vytvorenie-multisektorovych-partnerstiev\/","title":{"rendered":"Vytvorenie multisektorov\u00fdch partnerstiev"},"content":{"rendered":"\n<div class=\"wp-block-file\"><a id=\"wp-block-file--media-828f138b-9637-44cb-abb4-b69e6e4fed6e\" href=\"https:\/\/vodiacipes.sk\/efektivna-verejna-sprava\/wp-content\/uploads\/2021\/02\/02_memorandum_slovenska_kniznica_levoca.pdf\">MemorandumSKN Levo\u010da<\/a><a href=\"https:\/\/vodiacipes.sk\/efektivna-verejna-sprava\/wp-content\/uploads\/2021\/02\/02_memorandum_slovenska_kniznica_levoca.pdf\" class=\"wp-block-file__button\" download aria-describedby=\"wp-block-file--media-828f138b-9637-44cb-abb4-b69e6e4fed6e\">Stiahnu\u0165<\/a><\/div>\n\n\n\n<div class=\"wp-block-file\"><a id=\"wp-block-file--media-2ce6ff96-5173-4c8d-9b82-77cc2438b7aa\" href=\"https:\/\/vodiacipes.sk\/efektivna-verejna-sprava\/wp-content\/uploads\/2021\/02\/03_memorandum_rehabilitacne_stredisko_pre_zrakovo_postihnutych.pdf\">Memorandum Rehabilita\u010dn\u00e9 stredisko pre zrakovo postihnut\u00fdch<\/a><a href=\"https:\/\/vodiacipes.sk\/efektivna-verejna-sprava\/wp-content\/uploads\/2021\/02\/03_memorandum_rehabilitacne_stredisko_pre_zrakovo_postihnutych.pdf\" class=\"wp-block-file__button\" download aria-describedby=\"wp-block-file--media-2ce6ff96-5173-4c8d-9b82-77cc2438b7aa\">Stiahnu\u0165<\/a><\/div>\n\n\n\n<div class=\"wp-block-file\"><a id=\"wp-block-file--media-eb47bbf5-5a73-44cd-8453-938cb71f61a1\" href=\"https:\/\/vodiacipes.sk\/efektivna-verejna-sprava\/wp-content\/uploads\/2021\/02\/04_memorandum_Institut_pre_vyskum_prace_a_rodiny.pdf\">Memorandum In\u0161tit\u00fat pre v\u00fdskum pr\u00e1ce a rodiny<\/a><a href=\"https:\/\/vodiacipes.sk\/efektivna-verejna-sprava\/wp-content\/uploads\/2021\/02\/04_memorandum_Institut_pre_vyskum_prace_a_rodiny.pdf\" class=\"wp-block-file__button\" download aria-describedby=\"wp-block-file--media-eb47bbf5-5a73-44cd-8453-938cb71f61a1\">Stiahnu\u0165<\/a><\/div>\n\n\n\n<div class=\"wp-block-file\"><a id=\"wp-block-file--media-d0d3eca7-bf36-4e5a-ae6c-aae557f6a06d\" href=\"https:\/\/vodiacipes.sk\/efektivna-verejna-sprava\/wp-content\/uploads\/2021\/02\/05_memorandum_dpm_presov.pdf\">Memorandum DPM Pre\u0161ov<\/a><a href=\"https:\/\/vodiacipes.sk\/efektivna-verejna-sprava\/wp-content\/uploads\/2021\/02\/05_memorandum_dpm_presov.pdf\" class=\"wp-block-file__button\" download aria-describedby=\"wp-block-file--media-d0d3eca7-bf36-4e5a-ae6c-aae557f6a06d\">Stiahnu\u0165<\/a><\/div>\n\n\n\n<div class=\"wp-block-file\"><a id=\"wp-block-file--media-a3debab1-b4df-4849-a992-af7768e1c6aa\" href=\"https:\/\/vodiacipes.sk\/efektivna-verejna-sprava\/wp-content\/uploads\/2021\/02\/06_memorandum_DPM_Zilina.pdf\">Memorandum DPM \u017dilina<\/a><a href=\"https:\/\/vodiacipes.sk\/efektivna-verejna-sprava\/wp-content\/uploads\/2021\/02\/06_memorandum_DPM_Zilina.pdf\" class=\"wp-block-file__button\" download aria-describedby=\"wp-block-file--media-a3debab1-b4df-4849-a992-af7768e1c6aa\">Stiahnu\u0165<\/a><\/div>\n\n\n\n<div class=\"wp-block-file\"><a id=\"wp-block-file--media-efc7f35e-d65a-48b5-89ea-95a3bb2a6998\" href=\"https:\/\/vodiacipes.sk\/efektivna-verejna-sprava\/wp-content\/uploads\/2021\/02\/07_memorandum_ministerstvo_kultury.pdf\">Memorandum Ministerstvo kult\u00fary<\/a><a href=\"https:\/\/vodiacipes.sk\/efektivna-verejna-sprava\/wp-content\/uploads\/2021\/02\/07_memorandum_ministerstvo_kultury.pdf\" class=\"wp-block-file__button\" download aria-describedby=\"wp-block-file--media-efc7f35e-d65a-48b5-89ea-95a3bb2a6998\">Stiahnu\u0165<\/a><\/div>\n\n\n\n<div class=\"wp-block-file\"><a id=\"wp-block-file--media-e1e7a0dd-7aac-4f23-9c54-ab3305aa6aa5\" href=\"https:\/\/vodiacipes.sk\/efektivna-verejna-sprava\/wp-content\/uploads\/2021\/02\/08_memorandum_vialup.pdf\">Memorandum Vialup<\/a><a href=\"https:\/\/vodiacipes.sk\/efektivna-verejna-sprava\/wp-content\/uploads\/2021\/02\/08_memorandum_vialup.pdf\" class=\"wp-block-file__button\" download aria-describedby=\"wp-block-file--media-e1e7a0dd-7aac-4f23-9c54-ab3305aa6aa5\">Stiahnu\u0165<\/a><\/div>\n\n\n\n<div class=\"wp-block-file\"><a id=\"wp-block-file--media-0db14618-8b00-42b2-b467-d90177cfbd9b\" href=\"https:\/\/vodiacipes.sk\/efektivna-verejna-sprava\/wp-content\/uploads\/2021\/02\/09_memorandum_cajovna_white_lady.pdf\">Memorandum \u010cajov\u0148a White Lady<\/a><a href=\"https:\/\/vodiacipes.sk\/efektivna-verejna-sprava\/wp-content\/uploads\/2021\/02\/09_memorandum_cajovna_white_lady.pdf\" class=\"wp-block-file__button\" download aria-describedby=\"wp-block-file--media-0db14618-8b00-42b2-b467-d90177cfbd9b\">Stiahnu\u0165<\/a><\/div>\n\n\n\n<div class=\"wp-block-file\"><a id=\"wp-block-file--media-e2a28b26-82a8-4086-a6b1-967e2fc5c2f5\" href=\"https:\/\/vodiacipes.sk\/efektivna-verejna-sprava\/wp-content\/uploads\/2021\/02\/10_memorandum_ministerstvo_zdravotnictva.pdf\">Memorandum Ministerstvo zdravotn\u00edctva<\/a><a href=\"https:\/\/vodiacipes.sk\/efektivna-verejna-sprava\/wp-content\/uploads\/2021\/02\/10_memorandum_ministerstvo_zdravotnictva.pdf\" class=\"wp-block-file__button\" download aria-describedby=\"wp-block-file--media-e2a28b26-82a8-4086-a6b1-967e2fc5c2f5\">Stiahnu\u0165<\/a><\/div>\n\n\n\n<div class=\"wp-block-file\"><a id=\"wp-block-file--media-478711de-f318-4bf4-9d73-b86e5d6ba093\" href=\"https:\/\/vodiacipes.sk\/efektivna-verejna-sprava\/wp-content\/uploads\/2021\/02\/11_memorandum_SOI.pdf\">Memorandum SOI<\/a><a href=\"https:\/\/vodiacipes.sk\/efektivna-verejna-sprava\/wp-content\/uploads\/2021\/02\/11_memorandum_SOI.pdf\" class=\"wp-block-file__button\" download aria-describedby=\"wp-block-file--media-478711de-f318-4bf4-9d73-b86e5d6ba093\">Stiahnu\u0165<\/a><\/div>\n\n\n\n<div class=\"wp-block-file\"><a id=\"wp-block-file--media-17e760a8-4950-462e-a828-00aa9026297f\" href=\"https:\/\/vodiacipes.sk\/efektivna-verejna-sprava\/wp-content\/uploads\/2021\/02\/12_memorandum_SS_internatna_pre_zrakovo_postihnute_deti_BA1.pdf\">Memorandum S\u0160 intern\u00e1tna pre zrakovo postihnut\u00e9 deti BA<\/a><a href=\"https:\/\/vodiacipes.sk\/efektivna-verejna-sprava\/wp-content\/uploads\/2021\/02\/12_memorandum_SS_internatna_pre_zrakovo_postihnute_deti_BA1.pdf\" class=\"wp-block-file__button\" download aria-describedby=\"wp-block-file--media-17e760a8-4950-462e-a828-00aa9026297f\">Stiahnu\u0165<\/a><\/div>\n\n\n\n<div class=\"wp-block-file\"><a id=\"wp-block-file--media-ac3f1b3d-00bd-4599-bd11-308e0f980b9b\" href=\"https:\/\/vodiacipes.sk\/efektivna-verejna-sprava\/wp-content\/uploads\/2021\/02\/13_memorandum_tyflocomp.pdf\">MemorandumTyflocomp<\/a><a href=\"https:\/\/vodiacipes.sk\/efektivna-verejna-sprava\/wp-content\/uploads\/2021\/02\/13_memorandum_tyflocomp.pdf\" class=\"wp-block-file__button\" download aria-describedby=\"wp-block-file--media-ac3f1b3d-00bd-4599-bd11-308e0f980b9b\">Stiahnu\u0165<\/a><\/div>\n\n\n\n<div class=\"wp-block-file\"><a id=\"wp-block-file--media-f4898003-71be-4b57-b51d-3aecb3fc37f0\" href=\"https:\/\/vodiacipes.sk\/efektivna-verejna-sprava\/wp-content\/uploads\/2021\/02\/14_memorandum_ministerstvo_prace.pdf\">Memorandum Ministerstvo pr\u00e1ce<\/a><a href=\"https:\/\/vodiacipes.sk\/efektivna-verejna-sprava\/wp-content\/uploads\/2021\/02\/14_memorandum_ministerstvo_prace.pdf\" class=\"wp-block-file__button\" download aria-describedby=\"wp-block-file--media-f4898003-71be-4b57-b51d-3aecb3fc37f0\">Stiahnu\u0165<\/a><\/div>\n\n\n\n<div class=\"wp-block-file\"><a id=\"wp-block-file--media-9d0ae3e6-a0ec-4439-b882-449c6b85a900\" href=\"https:\/\/vodiacipes.sk\/efektivna-verejna-sprava\/wp-content\/uploads\/2021\/02\/15_memorandum_kaviaren_teatro.pdf\">Memorandum Kaviare\u0148 Teatro<\/a><a href=\"https:\/\/vodiacipes.sk\/efektivna-verejna-sprava\/wp-content\/uploads\/2021\/02\/15_memorandum_kaviaren_teatro.pdf\" class=\"wp-block-file__button\" download aria-describedby=\"wp-block-file--media-9d0ae3e6-a0ec-4439-b882-449c6b85a900\">Stiahnu\u0165<\/a><\/div>\n\n\n\n<div class=\"wp-block-file\"><a id=\"wp-block-file--media-45afd3af-93ac-4953-8d9a-361216957882\" href=\"https:\/\/vodiacipes.sk\/efektivna-verejna-sprava\/wp-content\/uploads\/2021\/02\/16_memorandum_planeta_levoca.pdf\">Memorandum Plan\u00e9ta Levo\u010da<\/a><a href=\"https:\/\/vodiacipes.sk\/efektivna-verejna-sprava\/wp-content\/uploads\/2021\/02\/16_memorandum_planeta_levoca.pdf\" class=\"wp-block-file__button\" download aria-describedby=\"wp-block-file--media-45afd3af-93ac-4953-8d9a-361216957882\">Stiahnu\u0165<\/a><\/div>\n\n\n\n<div class=\"wp-block-file\"><a id=\"wp-block-file--media-5ef640da-cadd-48fd-ae11-f834ffaea28c\" href=\"https:\/\/vodiacipes.sk\/efektivna-verejna-sprava\/wp-content\/uploads\/2021\/02\/17_memorandum_zeleznice_sr.pdf\">Memorandum \u017deleznice SR<\/a><a href=\"https:\/\/vodiacipes.sk\/efektivna-verejna-sprava\/wp-content\/uploads\/2021\/02\/17_memorandum_zeleznice_sr.pdf\" class=\"wp-block-file__button\" download aria-describedby=\"wp-block-file--media-5ef640da-cadd-48fd-ae11-f834ffaea28c\">Stiahnu\u0165<\/a><\/div>\n\n\n\n<div class=\"wp-block-file\"><a id=\"wp-block-file--media-5e12d8e9-1052-489d-ad44-e1cc3d2d1247\" href=\"https:\/\/vodiacipes.sk\/efektivna-verejna-sprava\/wp-content\/uploads\/2021\/02\/18_memorandum_ministerstvo_vnutra.pdf\">Memorandum Ministerstvo vn\u00fatra<\/a><a href=\"https:\/\/vodiacipes.sk\/efektivna-verejna-sprava\/wp-content\/uploads\/2021\/02\/18_memorandum_ministerstvo_vnutra.pdf\" class=\"wp-block-file__button\" download aria-describedby=\"wp-block-file--media-5e12d8e9-1052-489d-ad44-e1cc3d2d1247\">Stiahnu\u0165<\/a><\/div>\n\n\n\n<div class=\"wp-block-file\"><a id=\"wp-block-file--media-de69e740-8265-4bb5-8951-8a1634987b07\" href=\"https:\/\/vodiacipes.sk\/efektivna-verejna-sprava\/wp-content\/uploads\/2021\/02\/19_memorandum_DPMBA.pdf\">Memorandum DPM BA<\/a><a href=\"https:\/\/vodiacipes.sk\/efektivna-verejna-sprava\/wp-content\/uploads\/2021\/02\/19_memorandum_DPMBA.pdf\" class=\"wp-block-file__button\" download aria-describedby=\"wp-block-file--media-de69e740-8265-4bb5-8951-8a1634987b07\">Stiahnu\u0165<\/a><\/div>\n\n\n\n<div class=\"wp-block-file\"><a id=\"wp-block-file--media-6cd36f76-a800-4320-a655-1e3e290a1dd6\" href=\"https:\/\/vodiacipes.sk\/efektivna-verejna-sprava\/wp-content\/uploads\/2021\/02\/20_memorandum_slov_lekarnicka_komora.pdf\">Memorandum Slov. lek\u00e1rnick\u00e1 komora<\/a><a href=\"https:\/\/vodiacipes.sk\/efektivna-verejna-sprava\/wp-content\/uploads\/2021\/02\/20_memorandum_slov_lekarnicka_komora.pdf\" class=\"wp-block-file__button\" download aria-describedby=\"wp-block-file--media-6cd36f76-a800-4320-a655-1e3e290a1dd6\">Stiahnu\u0165<\/a><\/div>\n\n\n\n<div class=\"wp-block-file\"><a id=\"wp-block-file--media-19a158c4-d612-48ec-b605-6a5c2b8d1a26\" href=\"https:\/\/vodiacipes.sk\/efektivna-verejna-sprava\/wp-content\/uploads\/2021\/02\/21_memorandum_webster.pdf\">Memorandum Webster<\/a><a href=\"https:\/\/vodiacipes.sk\/efektivna-verejna-sprava\/wp-content\/uploads\/2021\/02\/21_memorandum_webster.pdf\" class=\"wp-block-file__button\" download aria-describedby=\"wp-block-file--media-19a158c4-d612-48ec-b605-6a5c2b8d1a26\">Stiahnu\u0165<\/a><\/div>\n\n\n\n<div class=\"wp-block-file\"><a id=\"wp-block-file--media-289b3c86-8b6e-4719-8f32-1bf0d0c11863\" href=\"https:\/\/vodiacipes.sk\/efektivna-verejna-sprava\/wp-content\/uploads\/2021\/02\/22_memorandum_ZSK.pdf\">Memorandum ZSSK<\/a><a href=\"https:\/\/vodiacipes.sk\/efektivna-verejna-sprava\/wp-content\/uploads\/2021\/02\/22_memorandum_ZSK.pdf\" class=\"wp-block-file__button\" download aria-describedby=\"wp-block-file--media-289b3c86-8b6e-4719-8f32-1bf0d0c11863\">Stiahnu\u0165<\/a><\/div>\n\n\n\n<div class=\"wp-block-file\"><a id=\"wp-block-file--media-fb7c1ef5-2b10-49f6-979b-cfa688c29bbb\" href=\"https:\/\/vodiacipes.sk\/efektivna-verejna-sprava\/wp-content\/uploads\/2021\/02\/24_memorandum_FaxCopy.pdf\">Memorandum FaxCopy<\/a><a href=\"https:\/\/vodiacipes.sk\/efektivna-verejna-sprava\/wp-content\/uploads\/2021\/02\/24_memorandum_FaxCopy.pdf\" class=\"wp-block-file__button\" download aria-describedby=\"wp-block-file--media-fb7c1ef5-2b10-49f6-979b-cfa688c29bbb\">Stiahnu\u0165<\/a><\/div>\n\n\n\n<div class=\"wp-block-file\"><a id=\"wp-block-file--media-d1c503c7-3796-49e7-b2a3-d1a97ac3de18\" href=\"https:\/\/vodiacipes.sk\/efektivna-verejna-sprava\/wp-content\/uploads\/2021\/02\/25_memorandum_asociacia_alergo_astmat_pacientov.pdf\">Memorandum Asoci\u00e1cia alergo. astmat. pacientov<\/a><a href=\"https:\/\/vodiacipes.sk\/efektivna-verejna-sprava\/wp-content\/uploads\/2021\/02\/25_memorandum_asociacia_alergo_astmat_pacientov.pdf\" class=\"wp-block-file__button\" download aria-describedby=\"wp-block-file--media-d1c503c7-3796-49e7-b2a3-d1a97ac3de18\">Stiahnu\u0165<\/a><\/div>\n\n\n\n<div class=\"wp-block-file\"><a id=\"wp-block-file--media-e9634ccb-1dd2-45d7-af6b-a8a63ea93a8c\" href=\"https:\/\/vodiacipes.sk\/efektivna-verejna-sprava\/wp-content\/uploads\/2021\/02\/26_memorandum_dunaj_academy.pdf\">Memorandum Dunaj academy<\/a><a href=\"https:\/\/vodiacipes.sk\/efektivna-verejna-sprava\/wp-content\/uploads\/2021\/02\/26_memorandum_dunaj_academy.pdf\" class=\"wp-block-file__button\" download aria-describedby=\"wp-block-file--media-e9634ccb-1dd2-45d7-af6b-a8a63ea93a8c\">Stiahnu\u0165<\/a><\/div>\n\n\n\n<div class=\"wp-block-file\"><a id=\"wp-block-file--media-87b6c2a8-343f-42a7-8193-21771a539657\" href=\"https:\/\/vodiacipes.sk\/efektivna-verejna-sprava\/wp-content\/uploads\/2021\/02\/27_memorandum_1.oddlzovacia.pdf\">Memorandum 1.oddl\u017eovacia<\/a><a href=\"https:\/\/vodiacipes.sk\/efektivna-verejna-sprava\/wp-content\/uploads\/2021\/02\/27_memorandum_1.oddlzovacia.pdf\" class=\"wp-block-file__button\" download aria-describedby=\"wp-block-file--media-87b6c2a8-343f-42a7-8193-21771a539657\">Stiahnu\u0165<\/a><\/div>\n\n\n\n<div class=\"wp-block-file\"><a id=\"wp-block-file--media-25f8f6a0-a059-4efe-bf1b-406d6f5e1087\" href=\"https:\/\/vodiacipes.sk\/efektivna-verejna-sprava\/wp-content\/uploads\/2021\/02\/28_memorandum_Political_Consulting.pdf\">Memorandum Political Consulting<\/a><a href=\"https:\/\/vodiacipes.sk\/efektivna-verejna-sprava\/wp-content\/uploads\/2021\/02\/28_memorandum_Political_Consulting.pdf\" class=\"wp-block-file__button\" download aria-describedby=\"wp-block-file--media-25f8f6a0-a059-4efe-bf1b-406d6f5e1087\">Stiahnu\u0165<\/a><\/div>\n\n\n\n<div class=\"wp-block-file\"><a id=\"wp-block-file--media-1bd3f877-a27b-4cca-8911-9d66b617249c\" href=\"https:\/\/vodiacipes.sk\/efektivna-verejna-sprava\/wp-content\/uploads\/2021\/02\/29_memrandum_coning.pdf\">Memorandum Coning<\/a><a href=\"https:\/\/vodiacipes.sk\/efektivna-verejna-sprava\/wp-content\/uploads\/2021\/02\/29_memrandum_coning.pdf\" class=\"wp-block-file__button\" download aria-describedby=\"wp-block-file--media-1bd3f877-a27b-4cca-8911-9d66b617249c\">Stiahnu\u0165<\/a><\/div>\n\n\n\n<div class=\"wp-block-file\"><a id=\"wp-block-file--media-9899ebd5-476a-4767-9a86-3bfa92a409c6\" href=\"https:\/\/vodiacipes.sk\/efektivna-verejna-sprava\/wp-content\/uploads\/2021\/02\/30_memorandum_nenbra.pdf\">Memorandum Nenbra<\/a><a href=\"https:\/\/vodiacipes.sk\/efektivna-verejna-sprava\/wp-content\/uploads\/2021\/02\/30_memorandum_nenbra.pdf\" class=\"wp-block-file__button\" download aria-describedby=\"wp-block-file--media-9899ebd5-476a-4767-9a86-3bfa92a409c6\">Stiahnu\u0165<\/a><\/div>\n\n\n\n<div class=\"wp-block-file\"><a id=\"wp-block-file--media-ed64aa57-2be5-48cc-8c6c-56b5a5627713\" href=\"https:\/\/vodiacipes.sk\/efektivna-verejna-sprava\/wp-content\/uploads\/2021\/02\/31_memorandum_net_bus.pdf\">Memorandum Net bus<\/a><a href=\"https:\/\/vodiacipes.sk\/efektivna-verejna-sprava\/wp-content\/uploads\/2021\/02\/31_memorandum_net_bus.pdf\" class=\"wp-block-file__button\" download aria-describedby=\"wp-block-file--media-ed64aa57-2be5-48cc-8c6c-56b5a5627713\">Stiahnu\u0165<\/a><\/div>\n\n\n\n<div class=\"wp-block-file\"><a id=\"wp-block-file--media-9ff9b4ee-6a3b-4dff-a97c-11233dc8b0ca\" href=\"https:\/\/vodiacipes.sk\/efektivna-verejna-sprava\/wp-content\/uploads\/2021\/02\/32_memorandum_Talajka.pdf\">Memorandum MVDr Talajka<\/a><a href=\"https:\/\/vodiacipes.sk\/efektivna-verejna-sprava\/wp-content\/uploads\/2021\/02\/32_memorandum_Talajka.pdf\" class=\"wp-block-file__button\" download aria-describedby=\"wp-block-file--media-9ff9b4ee-6a3b-4dff-a97c-11233dc8b0ca\">Stiahnu\u0165<\/a><\/div>\n\n\n\n<div class=\"wp-block-file\"><a id=\"wp-block-file--media-6513d617-e079-4992-96e7-2acd0d8dfb98\" href=\"https:\/\/vodiacipes.sk\/efektivna-verejna-sprava\/wp-content\/uploads\/2021\/02\/33_memorandum_VP_EJMI_Smatana.pdf\">Memorandum VP EJMI Smatana<\/a><a href=\"https:\/\/vodiacipes.sk\/efektivna-verejna-sprava\/wp-content\/uploads\/2021\/02\/33_memorandum_VP_EJMI_Smatana.pdf\" class=\"wp-block-file__button\" download aria-describedby=\"wp-block-file--media-6513d617-e079-4992-96e7-2acd0d8dfb98\">Stiahnu\u0165<\/a><\/div>\n\n\n\n<div class=\"wp-block-file\"><a id=\"wp-block-file--media-a71fecc2-0c8b-4353-b62a-ff11014741b4\" href=\"https:\/\/vodiacipes.sk\/efektivna-verejna-sprava\/wp-content\/uploads\/2021\/02\/34_memorandum_MVDr_Palus.pdf\">Memorandum MVDr Palus<\/a><a href=\"https:\/\/vodiacipes.sk\/efektivna-verejna-sprava\/wp-content\/uploads\/2021\/02\/34_memorandum_MVDr_Palus.pdf\" class=\"wp-block-file__button\" download aria-describedby=\"wp-block-file--media-a71fecc2-0c8b-4353-b62a-ff11014741b4\">Stiahnu\u0165<\/a><\/div>\n\n\n\n<div class=\"wp-block-file\"><a id=\"wp-block-file--media-5a8a34b7-fe6e-4e55-8a48-74834e25b936\" href=\"https:\/\/vodiacipes.sk\/efektivna-verejna-sprava\/wp-content\/uploads\/2021\/02\/memorandum_BSK_final1.docx\">Memorandum BSK<\/a><a href=\"https:\/\/vodiacipes.sk\/efektivna-verejna-sprava\/wp-content\/uploads\/2021\/02\/memorandum_BSK_final1.docx\" class=\"wp-block-file__button\" download aria-describedby=\"wp-block-file--media-5a8a34b7-fe6e-4e55-8a48-74834e25b936\">Stiahnu\u0165<\/a><\/div>\n\n\n\n<div class=\"wp-block-file\"><a id=\"wp-block-file--media-536d5d4d-ba20-41c2-a1aa-569b3bd19c66\" href=\"https:\/\/vodiacipes.sk\/efektivna-verejna-sprava\/wp-content\/uploads\/2022\/04\/01_memorandum_spojena_skola_internatna.pdf\">Spojen\u00e1 \u0161kola Levo\u010da<\/a><a href=\"https:\/\/vodiacipes.sk\/efektivna-verejna-sprava\/wp-content\/uploads\/2022\/04\/01_memorandum_spojena_skola_internatna.pdf\" class=\"wp-block-file__button\" download aria-describedby=\"wp-block-file--media-536d5d4d-ba20-41c2-a1aa-569b3bd19c66\">Stiahnu\u0165<\/a><\/div>\n","protected":false},"excerpt":{"rendered":"","protected":false},"author":8,"featured_media":0,"parent":0,"menu_order":0,"comment_status":"closed","ping_status":"closed","template":"","meta":[],"_links":{"self":[{"href":"https:\/\/vodiacipes.sk\/efektivna-verejna-sprava\/wp-json\/wp\/v2\/pages\/5691"}],"collection":[{"href":"https:\/\/vodiacipes.sk\/efektivna-verejna-sprava\/wp-json\/wp\/v2\/pages"}],"about":[{"href":"https:\/\/vodiacipes.sk\/efektivna-verejna-sprava\/wp-json\/wp\/v2\/types\/page"}],"author":[{"embeddable":true,"href":"https:\/\/vodiacipes.sk\/efektivna-verejna-sprava\/wp-json\/wp\/v2\/users\/8"}],"replies":[{"embeddable":true,"href":"https:\/\/vodiacipes.sk\/efektivna-verejna-sprava\/wp-json\/wp\/v2\/comments?post=5691"}],"version-history":[{"count":5,"href":"https:\/\/vodiacipes.sk\/efektivna-verejna-sprava\/wp-json\/wp\/v2\/pages\/5691\/revisions"}],"predecessor-version":[{"id":5816,"href":"https:\/\/vodiacipes.sk\/efektivna-verejna-sprava\/wp-json\/wp\/v2\/pages\/5691\/revisions\/5816"}],"wp:attachment":[{"href":"https:\/\/vodiacipes.sk\/efektivna-verejna-sprava\/wp-json\/wp\/v2\/media?parent=5691"}],"curies":[{"name":"wp","href":"https:\/\/api.w.org\/{rel}","templated":true}]}}