{"id":6,"date":"2016-07-19T13:43:03","date_gmt":"2016-07-19T11:43:03","guid":{"rendered":"http:\/\/bam.sk\/blindrevue\/?page_id=6"},"modified":"2021-04-19T12:16:10","modified_gmt":"2021-04-19T10:16:10","slug":"vystupy","status":"publish","type":"page","link":"https:\/\/vodiacipes.sk\/efektivna-verejna-sprava\/vystupy\/","title":{"rendered":"Zrealizovan\u00e9 hodnotenia, anal\u00fdzy a \u0161t\u00fadie"},"content":{"rendered":"\n\n\n<div class=\"wp-block-file\"><a href=\"https:\/\/vodiacipes.sk\/efektivna-verejna-sprava\/wp-content\/uploads\/2021\/01\/VSVAP-Brozura_Pre-zaujemcov.pdf\">\u010co by ste mali vedie\u0165 predt\u00fdm, ako si zaobstar\u00e1te vodiaceho psa<\/a><a href=\"https:\/\/vodiacipes.sk\/efektivna-verejna-sprava\/wp-content\/uploads\/2021\/01\/VSVAP-Brozura_Pre-zaujemcov.pdf\" class=\"wp-block-file__button\" download>Stiahnu\u0165<\/a><\/div>\n\n\n\n<div class=\"wp-block-file\"><a href=\"https:\/\/vodiacipes.sk\/efektivna-verejna-sprava\/wp-content\/uploads\/2021\/01\/PO587_Studia_stravovacie_zariadenia.pdf\">\u0160t\u00fadia stravovacie zariadenia<\/a><a href=\"https:\/\/vodiacipes.sk\/efektivna-verejna-sprava\/wp-content\/uploads\/2021\/01\/PO587_Studia_stravovacie_zariadenia.pdf\" class=\"wp-block-file__button\" download>Stiahnu\u0165<\/a><\/div>\n\n\n\n<div class=\"wp-block-file\"><a href=\"https:\/\/vodiacipes.sk\/efektivna-verejna-sprava\/wp-content\/uploads\/2021\/01\/PO587_Studia_vzdelavacie_zariadenia.pdf\">\u0160t\u00fadia vzdel\u00e1vacie zariadenia<\/a><a href=\"https:\/\/vodiacipes.sk\/efektivna-verejna-sprava\/wp-content\/uploads\/2021\/01\/PO587_Studia_vzdelavacie_zariadenia.pdf\" class=\"wp-block-file__button\" download>Stiahnu\u0165<\/a><\/div>\n\n\n\n<div class=\"wp-block-file\"><a href=\"https:\/\/vodiacipes.sk\/efektivna-verejna-sprava\/wp-content\/uploads\/2021\/01\/PO587_Studia_doprava.pdf\">\u0160t\u00fadia doprava<\/a><a href=\"https:\/\/vodiacipes.sk\/efektivna-verejna-sprava\/wp-content\/uploads\/2021\/01\/PO587_Studia_doprava.pdf\" class=\"wp-block-file__button\" download>Stiahnu\u0165<\/a><\/div>\n\n\n\n<div class=\"wp-block-file\"><a href=\"https:\/\/vodiacipes.sk\/efektivna-verejna-sprava\/wp-content\/uploads\/2021\/01\/PO587_Studia_kulturne_zariadenia.pdf\">\u0160t\u00fadia kult\u00farne zariadenia<\/a><a href=\"https:\/\/vodiacipes.sk\/efektivna-verejna-sprava\/wp-content\/uploads\/2021\/01\/PO587_Studia_kulturne_zariadenia.pdf\" class=\"wp-block-file__button\" download>Stiahnu\u0165<\/a><\/div>\n\n\n\n<div class=\"wp-block-file\"><a href=\"https:\/\/vodiacipes.sk\/efektivna-verejna-sprava\/wp-content\/uploads\/2021\/01\/PO587_Studia_obchodne_prevadzky.pdf\">\u0160t\u00fadia obchodn\u00e9 prev\u00e1dzky<\/a><a href=\"https:\/\/vodiacipes.sk\/efektivna-verejna-sprava\/wp-content\/uploads\/2021\/01\/PO587_Studia_obchodne_prevadzky.pdf\" class=\"wp-block-file__button\" download>Stiahnu\u0165<\/a><\/div>\n\n\n\n<div class=\"wp-block-file\"><a href=\"https:\/\/vodiacipes.sk\/efektivna-verejna-sprava\/wp-content\/uploads\/2021\/01\/PO587_Studia_ubytovacie_zariadenia.pdf\">\u0160t\u00fadia ubytovacie zariadenia<\/a><a href=\"https:\/\/vodiacipes.sk\/efektivna-verejna-sprava\/wp-content\/uploads\/2021\/01\/PO587_Studia_ubytovacie_zariadenia.pdf\" class=\"wp-block-file__button\" download>Stiahnu\u0165<\/a><\/div>\n\n\n\n<div class=\"wp-block-file\"><a href=\"https:\/\/vodiacipes.sk\/efektivna-verejna-sprava\/wp-content\/uploads\/2021\/01\/PO587_Prieskum_zahranicni_partneri.pdf\">\u0160t\u00fadia zahrani\u010dn\u00ed partneri<\/a><a href=\"https:\/\/vodiacipes.sk\/efektivna-verejna-sprava\/wp-content\/uploads\/2021\/01\/PO587_Prieskum_zahranicni_partneri.pdf\" class=\"wp-block-file__button\" download>Stiahnu\u0165<\/a><\/div>\n\n\n\n<div class=\"wp-block-file\"><a href=\"https:\/\/vodiacipes.sk\/efektivna-verejna-sprava\/wp-content\/uploads\/2021\/01\/PO587_Studia_zdravotnicke_zariadenia.pdf\">\u0160t\u00fadia zdravotn\u00edcke zariadenia<\/a><a href=\"https:\/\/vodiacipes.sk\/efektivna-verejna-sprava\/wp-content\/uploads\/2021\/01\/PO587_Studia_zdravotnicke_zariadenia.pdf\" class=\"wp-block-file__button\" download>Stiahnu\u0165<\/a><\/div>\n","protected":false},"excerpt":{"rendered":"","protected":false},"author":7,"featured_media":0,"parent":0,"menu_order":0,"comment_status":"closed","ping_status":"closed","template":"","meta":[],"_links":{"self":[{"href":"https:\/\/vodiacipes.sk\/efektivna-verejna-sprava\/wp-json\/wp\/v2\/pages\/6"}],"collection":[{"href":"https:\/\/vodiacipes.sk\/efektivna-verejna-sprava\/wp-json\/wp\/v2\/pages"}],"about":[{"href":"https:\/\/vodiacipes.sk\/efektivna-verejna-sprava\/wp-json\/wp\/v2\/types\/page"}],"author":[{"embeddable":true,"href":"https:\/\/vodiacipes.sk\/efektivna-verejna-sprava\/wp-json\/wp\/v2\/users\/7"}],"replies":[{"embeddable":true,"href":"https:\/\/vodiacipes.sk\/efektivna-verejna-sprava\/wp-json\/wp\/v2\/comments?post=6"}],"version-history":[{"count":23,"href":"https:\/\/vodiacipes.sk\/efektivna-verejna-sprava\/wp-json\/wp\/v2\/pages\/6\/revisions"}],"predecessor-version":[{"id":5774,"href":"https:\/\/vodiacipes.sk\/efektivna-verejna-sprava\/wp-json\/wp\/v2\/pages\/6\/revisions\/5774"}],"wp:attachment":[{"href":"https:\/\/vodiacipes.sk\/efektivna-verejna-sprava\/wp-json\/wp\/v2\/media?parent=6"}],"curies":[{"name":"wp","href":"https:\/\/api.w.org\/{rel}","templated":true}]}}